{"id":1071,"date":"2026-03-15T20:52:05","date_gmt":"2026-03-15T20:52:05","guid":{"rendered":"https:\/\/fredericdupic2026.fr\/?page_id=1071"},"modified":"2026-03-16T08:57:58","modified_gmt":"2026-03-16T08:57:58","slug":"frederic-dupic-elections-municipales-du-15-et-22-mars-2026","status":"publish","type":"page","link":"https:\/\/fredericdupic2026.fr\/","title":{"rendered":"Fr\u00e9d\u00e9ric Dupic, \u00e9lections municipales du 15 mars 2026"},"content":{"rendered":"\n<div class=\"wp-block-columns is-layout-flex wp-container-core-columns-is-layout-9d6595d7 wp-block-columns-is-layout-flex\">\n<div class=\"wp-block-column is-layout-flow wp-block-column-is-layout-flow\" style=\"flex-basis:33.33%\"><div class=\"wp-block-image\">\n<figure class=\"aligncenter size-full is-resized\"><img loading=\"lazy\" decoding=\"async\" width=\"592\" height=\"673\" src=\"https:\/\/fredericdupic2026.fr\/wp-content\/uploads\/2025\/11\/Dupic.jpg\" alt=\"\" class=\"wp-image-510\" style=\"width:340px;height:auto\" srcset=\"https:\/\/fredericdupic2026.fr\/wp-content\/uploads\/2025\/11\/Dupic.jpg 592w, https:\/\/fredericdupic2026.fr\/wp-content\/uploads\/2025\/11\/Dupic-264x300.jpg 264w\" sizes=\"auto, (max-width: 592px) 100vw, 592px\" \/><\/figure>\n<\/div><\/div>\n\n\n\n<div class=\"wp-block-column is-layout-flow wp-block-column-is-layout-flow\" style=\"flex-basis:66.66%\">\n<p>Fr\u00e9d\u00e9ric Dupic et l\u2019ensemble de l\u2019\u00e9quipe vous remercient pour la confiance que vous nous avez accord\u00e9e avec 72,91 % des suffrages.<br>Gr\u00e2ce \u00e0 vous, nous allons pouvoir continuer \u00e0 poursuivre le travail engag\u00e9 pour notre commune.<\/p>\n\n\n\n<p>Sur 2792 inscrits, 1832 Montussanaises et Montussanais se sont exprim\u00e9s, soit plus de 65 % de participation. Une mobilisation forte qui t\u00e9moigne de l\u2019int\u00e9r\u00eat que vous portez \u00e0 l\u2019avenir de notre commune.<\/p>\n\n\n\n<p><img loading=\"lazy\" decoding=\"async\" height=\"16\" width=\"16\" src=\"https:\/\/static.xx.fbcdn.net\/images\/emoji.php\/v9\/taa\/1\/16\/1f4ca.png\" alt=\"\ud83d\udcca\"> R\u00e9sultats :<br>\u2022 480 voix \u2013 Agir ensemble pour Montussan<br>\u2022 1308 voix \u2013 Continuons ensemble pour Montussan<\/p>\n\n\n\n<p><img loading=\"lazy\" decoding=\"async\" height=\"16\" width=\"16\" alt=\"\ud83d\ude4f\" src=\"https:\/\/static.xx.fbcdn.net\/images\/emoji.php\/v9\/t80\/1\/16\/1f64f.png\"> MERCI \u00e0 toutes et \u00e0 tous pour votre confiance.<\/p>\n<\/div>\n<\/div>\n\n\n\n<p>Votre soutien nous permet de remporter cette \u00e9lection et de poursuivre le travail engag\u00e9 pour notre commune.<\/p>\n\n\n\n<p>Cette victoire nous permet \u00e9galement de conserver nos 4 si\u00e8ges \u00e0 la Communaut\u00e9 de Communes des Rives de la Laurence, afin de continuer \u00e0 d\u00e9fendre les int\u00e9r\u00eats de Montussan \u00e0 l\u2019\u00e9chelle intercommunale.<\/p>\n\n\n\n<p>Encore merci pour votre confiance. Ensemble, continuons pour Montussan. <img loading=\"lazy\" decoding=\"async\" height=\"16\" width=\"16\" src=\"https:\/\/static.xx.fbcdn.net\/images\/emoji.php\/v9\/t64\/1\/16\/1f91d.png\" alt=\"\ud83e\udd1d\"><\/p>\n\n\n<div class=\"wp-block-image\">\n<figure class=\"aligncenter size-full is-resized\"><img loading=\"lazy\" decoding=\"async\" width=\"757\" height=\"422\" src=\"https:\/\/fredericdupic2026.fr\/wp-content\/uploads\/2025\/11\/Lettre-de-candidature-BAT.jpeg\" alt=\"\" class=\"wp-image-511\" style=\"width:233px;height:auto\" srcset=\"https:\/\/fredericdupic2026.fr\/wp-content\/uploads\/2025\/11\/Lettre-de-candidature-BAT.jpeg 757w, https:\/\/fredericdupic2026.fr\/wp-content\/uploads\/2025\/11\/Lettre-de-candidature-BAT-300x167.jpeg 300w\" sizes=\"auto, (max-width: 757px) 100vw, 757px\" \/><\/figure>\n<\/div>\n\n\n<figure data-wp-context=\"{&quot;imageId&quot;:&quot;69d4fcf19fa60&quot;}\" data-wp-interactive=\"core\/image\" data-wp-key=\"69d4fcf19fa60\" class=\"wp-block-image size-large wp-lightbox-container\"><img loading=\"lazy\" decoding=\"async\" width=\"1024\" height=\"430\" data-wp-class--hide=\"state.isContentHidden\" data-wp-class--show=\"state.isContentVisible\" data-wp-init=\"callbacks.setButtonStyles\" data-wp-on--click=\"actions.showLightbox\" data-wp-on--load=\"callbacks.setButtonStyles\" data-wp-on-window--resize=\"callbacks.setButtonStyles\" src=\"https:\/\/fredericdupic2026.fr\/wp-content\/uploads\/2026\/03\/equipe-1024x430.jpg\" alt=\"\" class=\"wp-image-1177\" srcset=\"https:\/\/fredericdupic2026.fr\/wp-content\/uploads\/2026\/03\/equipe-1024x430.jpg 1024w, https:\/\/fredericdupic2026.fr\/wp-content\/uploads\/2026\/03\/equipe-300x126.jpg 300w, https:\/\/fredericdupic2026.fr\/wp-content\/uploads\/2026\/03\/equipe-768x322.jpg 768w, https:\/\/fredericdupic2026.fr\/wp-content\/uploads\/2026\/03\/equipe-1536x645.jpg 1536w, https:\/\/fredericdupic2026.fr\/wp-content\/uploads\/2026\/03\/equipe.jpg 1980w\" sizes=\"auto, (max-width: 1024px) 100vw, 1024px\" \/><button\n\t\t\tclass=\"lightbox-trigger\"\n\t\t\ttype=\"button\"\n\t\t\taria-haspopup=\"dialog\"\n\t\t\taria-label=\"Agrandir\"\n\t\t\tdata-wp-init=\"callbacks.initTriggerButton\"\n\t\t\tdata-wp-on--click=\"actions.showLightbox\"\n\t\t\tdata-wp-style--right=\"state.imageButtonRight\"\n\t\t\tdata-wp-style--top=\"state.imageButtonTop\"\n\t\t>\n\t\t\t<svg xmlns=\"http:\/\/www.w3.org\/2000\/svg\" width=\"12\" height=\"12\" fill=\"none\" viewBox=\"0 0 12 12\">\n\t\t\t\t<path fill=\"#fff\" d=\"M2 0a2 2 0 0 0-2 2v2h1.5V2a.5.5 0 0 1 .5-.5h2V0H2Zm2 10.5H2a.5.5 0 0 1-.5-.5V8H0v2a2 2 0 0 0 2 2h2v-1.5ZM8 12v-1.5h2a.5.5 0 0 0 .5-.5V8H12v2a2 2 0 0 1-2 2H8Zm2-12a2 2 0 0 1 2 2v2h-1.5V2a.5.5 0 0 0-.5-.5H8V0h2Z\" \/>\n\t\t\t<\/svg>\n\t\t<\/button><\/figure>\n\n\n<div class=\"wp-block-image\">\n<figure class=\"aligncenter size-large is-resized\"><img loading=\"lazy\" decoding=\"async\" width=\"1024\" height=\"150\" src=\"https:\/\/fredericdupic2026.fr\/wp-content\/uploads\/2025\/11\/image-1024x150.png\" alt=\"\" class=\"wp-image-513\" style=\"width:473px;height:auto\" srcset=\"https:\/\/fredericdupic2026.fr\/wp-content\/uploads\/2025\/11\/image-1024x150.png 1024w, https:\/\/fredericdupic2026.fr\/wp-content\/uploads\/2025\/11\/image-300x44.png 300w, https:\/\/fredericdupic2026.fr\/wp-content\/uploads\/2025\/11\/image-768x112.png 768w, https:\/\/fredericdupic2026.fr\/wp-content\/uploads\/2025\/11\/image-1536x224.png 1536w, https:\/\/fredericdupic2026.fr\/wp-content\/uploads\/2025\/11\/image.png 2048w\" sizes=\"auto, (max-width: 1024px) 100vw, 1024px\" \/><\/figure>\n<\/div>","protected":false},"excerpt":{"rendered":"<p>Fr\u00e9d\u00e9ric Dupic et l\u2019ensemble de l\u2019\u00e9quipe vous remercient pour la confiance que vous nous avez accord\u00e9e avec 72,91 % des suffrages.Gr\u00e2ce \u00e0 vous, nous allons pouvoir continuer \u00e0 poursuivre le travail engag\u00e9 pour notre commune. Sur 2792 inscrits, 1832 Montussanaises et Montussanais se sont exprim\u00e9s, soit plus de 65 % de participation. Une mobilisation forte&#8230;<\/p>\n","protected":false},"author":1,"featured_media":0,"parent":0,"menu_order":0,"comment_status":"closed","ping_status":"closed","template":"","meta":{"_kadence_starter_templates_imported_post":false,"_kad_post_transparent":"","_kad_post_title":"","_kad_post_layout":"","_kad_post_sidebar_id":"","_kad_post_content_style":"","_kad_post_vertical_padding":"","_kad_post_feature":"","_kad_post_feature_position":"","_kad_post_header":false,"_kad_post_footer":false,"footnotes":""},"folder":[17],"class_list":["post-1071","page","type-page","status-publish","hentry"],"_links":{"self":[{"href":"https:\/\/fredericdupic2026.fr\/index.php\/wp-json\/wp\/v2\/pages\/1071","targetHints":{"allow":["GET"]}}],"collection":[{"href":"https:\/\/fredericdupic2026.fr\/index.php\/wp-json\/wp\/v2\/pages"}],"about":[{"href":"https:\/\/fredericdupic2026.fr\/index.php\/wp-json\/wp\/v2\/types\/page"}],"author":[{"embeddable":true,"href":"https:\/\/fredericdupic2026.fr\/index.php\/wp-json\/wp\/v2\/users\/1"}],"replies":[{"embeddable":true,"href":"https:\/\/fredericdupic2026.fr\/index.php\/wp-json\/wp\/v2\/comments?post=1071"}],"version-history":[{"count":7,"href":"https:\/\/fredericdupic2026.fr\/index.php\/wp-json\/wp\/v2\/pages\/1071\/revisions"}],"predecessor-version":[{"id":1180,"href":"https:\/\/fredericdupic2026.fr\/index.php\/wp-json\/wp\/v2\/pages\/1071\/revisions\/1180"}],"wp:attachment":[{"href":"https:\/\/fredericdupic2026.fr\/index.php\/wp-json\/wp\/v2\/media?parent=1071"}],"wp:term":[{"taxonomy":"folder","embeddable":true,"href":"https:\/\/fredericdupic2026.fr\/index.php\/wp-json\/wp\/v2\/folder?post=1071"}],"curies":[{"name":"wp","href":"https:\/\/api.w.org\/{rel}","templated":true}]}}